{"id":7,"date":"2019-05-31T15:54:34","date_gmt":"2019-05-31T13:54:34","guid":{"rendered":"https:\/\/www.okler.net\/ezy\/wordpress\/business-consulting\/?page_id=7"},"modified":"2024-06-09T09:22:04","modified_gmt":"2024-06-09T07:22:04","slug":"accueil","status":"publish","type":"page","link":"https:\/\/vantorre-osteopathe.fr\/","title":{"rendered":"Accueil"},"content":{"rendered":"<p>[vc_section background_color=\u00a0\u00bbcustom\u00a0\u00bb vc_section_id=\u00a0\u00bb666556d1d2bdd\u00a0\u00bb background_color_custom=\u00a0\u00bb#f1f3f7&Prime; css=\u00a0\u00bb.vc_custom_1553277062280{padding-top: 3rem !important;padding-bottom: 3rem !important;}\u00a0\u00bb][vc_row content_placement=\u00a0\u00bbmiddle\u00a0\u00bb css_animation=\u00a0\u00bbfadeInLeftShorter\u00a0\u00bb css_animation_delay=\u00a0\u00bb200&Prime;][vc_column width=\u00a0\u00bb2\/3&Prime; margin_spacement_sm=\u00a0\u00bb0px \/ 0px \/ 0px \/ 0px\u00a0\u00bb margin_spacement_xs=\u00a0\u00bb0px \/ 0px \/ 30px \/ 0px\u00a0\u00bb custom_spacement_margin_id=\u00a0\u00bb5e8e08bcd4e4c\u00a0\u00bb offset=\u00a0\u00bbvc_col-md-9&Prime;][vc_column_text css=\u00a0\u00bb.vc_custom_1660230806089{margin-bottom: 0px !important;}\u00a0\u00bb]<\/p>\n<h2 class=\"font-weight-bold text-5 mb-3 mb-md-0\">Prenez rendez-vous directement en ligne sur Doctolib<\/h2>\n<p class=\"lead\" style=\"text-align: left;\">Je suis disponible \u00e0 Rouen et \u00e0 Saint Val\u00e9ry en Caux<\/p>\n<p>[\/vc_column_text][\/vc_column][vc_column width=\u00a0\u00bb1\/3&Prime; offset=\u00a0\u00bbvc_col-md-3&Prime;]<div  class=\"ezy-button d-inline-block  \" ><a href=\"https:\/\/www.doctolib.fr\/osteopathe\/saint-valery-en-caux\/charlotte-vantorre\" title=\"Doctolib\" target=\"_blank\"  class=\"btn align-items-center btn-primary btn-rounded font-weight-bold box-shadow-2\"  style=\"font-size: 11px; padding: 12px 45px;\">Rendez-vous Doctolib<\/a><\/div>[\/vc_column][\/vc_row][\/vc_section][vc_row css=\u00a0\u00bb.vc_custom_1586366727259{margin-top: 70px !important;margin-bottom: 60px !important;}\u00a0\u00bb][vc_column offset=\u00a0\u00bbvc_col-md-offset-2 vc_col-md-8&Prime;]<div  class=\"ezy-heading text-center vc_custom_1607701818589 appear-animation\" data-appear-animation=\"maskUp\" data-appear-animation-delay=\"200\" data-appear-animation-duration=\"750ms\"><h2 class=\"ezy-text-tag main-heading-text font-weight-normal has-skin-text-color \" style=\"margin-bottom: 20px;\">Pour qui<\/h2><\/div>[vc_column_text css_animation=\u00a0\u00bbmaskUp\u00a0\u00bb css_animation_delay=\u00a0\u00bb350&Prime; css=\u00a0\u00bb.vc_custom_1607701785076{margin-bottom: 0px !important;}\u00a0\u00bb]<\/p>\n<p class=\"lead\" style=\"text-align: center;\">L&rsquo;ost\u00e9opathie adapt\u00e9e \u00e0 chacun<\/p>\n<p>[\/vc_column_text][\/vc_column][\/vc_row][vc_row css=\u00a0\u00bb.vc_custom_1559321217902{margin-bottom: 80px !important;}\u00a0\u00bb][vc_column css_animation=\u00a0\u00bbfadeInLeftShorter\u00a0\u00bb width=\u00a0\u00bb2\/3&Prime; css_animation_delay=\u00a0\u00bb400&Prime; margin_spacement_md=\u00a0\u00bb0px \/ 0px \/ 0px \/ 0px\u00a0\u00bb margin_spacement_sm=\u00a0\u00bb0rem \/ auto \/ 3rem \/ auto\u00a0\u00bb margin_spacement_xs=\u00a0\u00bb0rem \/ 0rem \/ 3rem \/ 0rem\u00a0\u00bb custom_spacement_margin_id=\u00a0\u00bb5e8e08bcd4e5c\u00a0\u00bb offset=\u00a0\u00bbvc_col-md-offset-0 vc_col-md-4 vc_col-sm-offset-2&Prime;]<div  class=\"ezy-card  \" ><div class=\"card bg-light rounded-0 card-style-1\"><div class=\"card-body\" style=\"padding-top: 50px;\"><div  class=\"ezy-icon-box  \" ><div class=\"icon-box icon-box-style-6\"><div class=\"icon-box-icon pr-0  pb-2 rounded-circle\"><img width=\"60\" src=\"https:\/\/vantorre-osteopathe.fr\/wp-content\/themes\/ezy-theme\/vendor\/linear-icons\/user.svg\" alt=\"Animated Icon\" data-icon data-plugin-options=\"{&#39;color&#39;: &#39;#33C177&#39;, &#39;animated&#39;: true, &#39;delay&#39;: 600}\"  \/><\/div><div class=\"icon-box-info\"><div class=\"icon-box-info-title\"><span class=\"ezy-text-tag heading-sub-title font-weight-normal has-skin-text-color \"><\/span><h4 class=\"ezy-text-tag w-100 font-weight-bold has-skin-text-color  text-center d-block\">Adultes<\/h4><\/div><p style=\"text-align: center;\">A ce jour, les douleurs de dos sont consid\u00e9r\u00e9es comme \u00ab\u00a0le mal du si\u00e8cle\u00a0\u00bb. En consultant votre ost\u00e9opathe il sera possible d\u2019intervenir sur ces douleurs, de recevoir des conseils afin d\u2019adapter votre poste de travail, d\u2019appr\u00e9hender la gestion d\u2019un stress chronique, et de favoriser un bien-\u00eatre constant. L\u2019ost\u00e9opathie peut \u00e9galement intervenir sur diff\u00e9rents maux, tels que les douleurs articulaires, les troubles digestifs, les migraines, les troubles du sommeil.<\/p>\n<\/div><\/div><\/div><div  class=\"ezy-button d-flex justify-content-center learn-more text-decoration-none \" ><a href=\"http:\/\/vantorre-osteopathe.fr\/index.php\/losteopathie-pour-qui\/\" title=\"A qui s\u2019adresse l\u2019ost\u00e9opathie\" target=\"_self\"  class=\"btn align-items-center rounded font-weight-bold btn-3 btn-fs-3\"  style=\"background-color: rgba(255,255,255,0.01); color: #0f3964;\">Lire la suite<i class=\"lnr lnr-arrow-right-circle pl-2\" style=\"font-size: 11px;\"><\/i><\/a><\/div><\/div><\/div><\/div>[\/vc_column][vc_column css_animation=\u00a0\u00bbfadeIn\u00a0\u00bb width=\u00a0\u00bb2\/3&Prime; css_animation_delay=\u00a0\u00bb200&Prime; margin_spacement_md=\u00a0\u00bb0px \/ 0px \/ 0px \/ 0px\u00a0\u00bb margin_spacement_sm=\u00a0\u00bb0rem \/ auto \/ 3rem \/ auto\u00a0\u00bb margin_spacement_xs=\u00a0\u00bb0rem \/ 0rem \/ 3rem \/ 0rem\u00a0\u00bb custom_spacement_margin_id=\u00a0\u00bb5e8e08bcd4e72&Prime; offset=\u00a0\u00bbvc_col-md-offset-0 vc_col-md-4 vc_col-sm-offset-2&Prime;]<div  class=\"ezy-card  \" ><div class=\"card bg-light rounded-0 card-style-1\"><div class=\"card-body\" style=\"padding-top: 50px;\"><div  class=\"ezy-icon-box  \" ><div class=\"icon-box icon-box-style-6\"><div class=\"icon-box-icon pr-0  pb-2 rounded-circle\"><img width=\"60\" src=\"https:\/\/vantorre-osteopathe.fr\/wp-content\/themes\/ezy-theme\/vendor\/linear-icons\/leaf.svg\" alt=\"Animated Icon\" data-icon data-plugin-options=\"{&#39;color&#39;: &#39;#33C177&#39;, &#39;animated&#39;: true, &#39;delay&#39;: 600}\"  \/><\/div><div class=\"icon-box-info\"><div class=\"icon-box-info-title\"><span class=\"ezy-text-tag heading-sub-title font-weight-normal has-skin-text-color \"><\/span><h4 class=\"ezy-text-tag w-100 font-weight-bold has-skin-text-color  text-center d-block\">Nourrisson<\/h4><\/div><p>L&rsquo;ost\u00e9opathie peut aider votre b\u00e9b\u00e9 et vous accompagner \u00e0 soigner les troubles que peut rencontrer votre b\u00e9b\u00e9. Que ce soit reflux, coliques, troubles du sommeil, plagioc\u00e9phalie. La naissance est un moment unique et privil\u00e9gi\u00e9 dont les maux ne doivent pas g\u00e2cher les premiers mois d&rsquo;une vie.<\/p>\n<\/div><\/div><\/div><div  class=\"ezy-button d-flex justify-content-center learn-more text-decoration-none \" ><a href=\"http:\/\/vantorre-osteopathe.fr\/index.php\/losteopathie-pour-qui\/\" title=\"Lire la suite\" target=\"_self\"  class=\"btn align-items-center rounded font-weight-bold btn-3 btn-fs-3\"  style=\"background-color: rgba(255,255,255,0.01); color: #0f3964;\">Lire la suite<i class=\"lnr lnr-arrow-right-circle pl-2\" style=\"font-size: 11px;\"><\/i><\/a><\/div><\/div><\/div><\/div>[\/vc_column][vc_column css_animation=\u00a0\u00bbfadeInRightShorter\u00a0\u00bb width=\u00a0\u00bb2\/3&Prime; css_animation_delay=\u00a0\u00bb400&Prime; margin_spacement_sm=\u00a0\u00bb0px \/ auto \/ 0px \/ auto\u00a0\u00bb custom_spacement_margin_id=\u00a0\u00bb5e8e08bcd4e78&Prime; offset=\u00a0\u00bbvc_col-md-offset-0 vc_col-md-4 vc_col-sm-offset-2&Prime;]<div  class=\"ezy-card  \" ><div class=\"card bg-light rounded-0 card-style-1\"><div class=\"card-body\" style=\"padding-top: 50px;\"><div  class=\"ezy-icon-box  \" ><div class=\"icon-box icon-box-style-6\"><div class=\"icon-box-icon pr-0  pb-2 rounded-circle\"><img width=\"60\" src=\"https:\/\/vantorre-osteopathe.fr\/wp-content\/themes\/ezy-theme\/vendor\/linear-icons\/mustache.svg\" alt=\"Animated Icon\" data-icon data-plugin-options=\"{&#39;color&#39;: &#39;#33C177&#39;, &#39;animated&#39;: true, &#39;delay&#39;: 600}\"  \/><\/div><div class=\"icon-box-info\"><div class=\"icon-box-info-title\"><span class=\"ezy-text-tag heading-sub-title font-weight-normal has-skin-text-color \"><\/span><h4 class=\"ezy-text-tag w-100 font-weight-bold has-skin-text-color  text-center d-block\">S\u00e9niors<\/h4><\/div><p style=\"text-align: center;\">Avec l\u2019\u00e2ge le corps subit des transformations, et parfois la diminution de certaines fonctions, pouvant entra\u00eener un risque de chute, une limitation des capacit\u00e9s engendrant des restrictions quotidiennes voire des privations tel que l\u2019isolement qui a un incidence psychique importante \u00e0 prendre en compte. C\u2019est pourquoi un suivi ost\u00e9opathique d\u00e9but\u00e9 t\u00f4t, et r\u00e9gulier, aide \u00e0 renforcer et \u00e0 maintenir ces fonctions.<\/p>\n<\/div><\/div><\/div><div  class=\"ezy-button d-flex justify-content-center learn-more text-decoration-none \" ><a href=\"http:\/\/vantorre-osteopathe.fr\/index.php\/losteopathie-pour-qui\/\" title=\"A qui s\u2019adresse l\u2019ost\u00e9opathie\" target=\"_self\"  class=\"btn align-items-center rounded font-weight-bold btn-3 btn-fs-3\"  style=\"background-color: rgba(255,255,255,0.01); color: #0f3964;\">Lire la suite<i class=\"lnr lnr-arrow-right-circle pl-2\" style=\"font-size: 11px;\"><\/i><\/a><\/div><\/div><\/div><\/div>[\/vc_column][\/vc_row][vc_section background_color=\u00a0\u00bbcustom\u00a0\u00bb vc_section_id=\u00a0\u00bb666556d1d2be4&Prime; css=\u00a0\u00bb.vc_custom_1609939929073{padding-top: 3rem !important;padding-bottom: 3rem !important;background-color: #0f3964 !important;background-position: center !important;background-repeat: no-repeat !important;background-size: contain !important;}\u00a0\u00bb background_color_custom=\u00a0\u00bb#0f3964&Prime;][vc_row css=\u00a0\u00bb.vc_custom_1609939808846{background-color: #0f3964 !important;}\u00a0\u00bb][vc_column css_animation=\u00a0\u00bbfadeInRightShorter\u00a0\u00bb css_animation_delay=\u00a0\u00bb200&Prime; margin_spacement_md=\u00a0\u00bb0px \/ 0px \/ 0px \/ 0px\u00a0\u00bb margin_spacement_xs=\u00a0\u00bb0rem \/ 0rem \/ 2rem \/ 0rem\u00a0\u00bb custom_spacement_margin_id=\u00a0\u00bb5e8e08bcd4f3d\u00a0\u00bb offset=\u00a0\u00bbvc_col-md-8&Prime; css=\u00a0\u00bb.vc_custom_1609939761242{background-color: #0f3964 !important;background-position: center !important;background-repeat: no-repeat !important;background-size: cover !important;}\u00a0\u00bb]<div  class=\"ezy-heading text-left  \" ><h2 class=\"ezy-text-tag main-heading-text font-weight-semibold has-skin-text-color text-color-light\" style=\"font-size: 28px !important;  margin-bottom: 0px;\">Charlotte Vantorre - Ost\u00e9opathe<\/h2><\/div>[\/vc_column][vc_column css_animation=\u00a0\u00bbfadeInLeftShorter\u00a0\u00bb css_animation_delay=\u00a0\u00bb200&Prime; offset=\u00a0\u00bbvc_col-md-4&Prime;]<div  class=\"ezy-button d-inline-block  \" ><a href=\"https:\/\/www.doctolib.fr\/osteopathe\/saint-valery-en-caux\/charlotte-vantorre\" title=\"Doctolib\" target=\"_blank\"  class=\"btn align-items-center btn-light btn-rounded font-weight-bold box-shadow-2\"  style=\"font-size: 11px; padding: 12px 45px;\">Prendre rendez-vous<\/a><\/div>[\/vc_column][\/vc_row][\/vc_section]<\/p>\n","protected":false},"excerpt":{"rendered":"<p>[vc_section background_color=\u00a0\u00bbcustom\u00a0\u00bb vc_section_id=\u00a0\u00bb666556d1d2bdd\u00a0\u00bb background_color_custom=\u00a0\u00bb#f1f3f7&Prime; css=\u00a0\u00bb.vc_custom_1553277062280{padding-top: 3rem !important;padding-bottom: 3rem !important;}\u00a0\u00bb][vc_row content_placement=\u00a0\u00bbmiddle\u00a0\u00bb css_animation=\u00a0\u00bbfadeInLeftShorter\u00a0\u00bb css_animation_delay=\u00a0\u00bb200&Prime;][vc_column width=\u00a0\u00bb2\/3&Prime; margin_spacement_sm=\u00a0\u00bb0px \/ 0px \/ 0px \/ 0px\u00a0\u00bb margin_spacement_xs=\u00a0\u00bb0px \/ 0px \/ 30px \/ 0px\u00a0\u00bb custom_spacement_margin_id=\u00a0\u00bb5e8e08bcd4e4c\u00a0\u00bb offset=\u00a0\u00bbvc_col-md-9&Prime;][vc_column_text css=\u00a0\u00bb.vc_custom_1660230806089{margin-bottom: 0px !important;}\u00a0\u00bb] Prenez rendez-vous directement en ligne sur Doctolib Je suis disponible \u00e0 Rouen et \u00e0 Saint Val\u00e9ry en Caux [\/vc_column_text][\/vc_column][vc_column width=\u00a0\u00bb1\/3&Prime; offset=\u00a0\u00bbvc_col-md-3&Prime;][\/vc_column][\/vc_row][\/vc_section][vc_row css=\u00a0\u00bb.vc_custom_1586366727259{margin-top: 70px [&hellip;]<\/p>\n","protected":false},"author":1,"featured_media":0,"parent":0,"menu_order":0,"comment_status":"closed","ping_status":"closed","template":"","meta":[],"_links":{"self":[{"href":"https:\/\/vantorre-osteopathe.fr\/index.php\/wp-json\/wp\/v2\/pages\/7"}],"collection":[{"href":"https:\/\/vantorre-osteopathe.fr\/index.php\/wp-json\/wp\/v2\/pages"}],"about":[{"href":"https:\/\/vantorre-osteopathe.fr\/index.php\/wp-json\/wp\/v2\/types\/page"}],"author":[{"embeddable":true,"href":"https:\/\/vantorre-osteopathe.fr\/index.php\/wp-json\/wp\/v2\/users\/1"}],"replies":[{"embeddable":true,"href":"https:\/\/vantorre-osteopathe.fr\/index.php\/wp-json\/wp\/v2\/comments?post=7"}],"version-history":[{"count":64,"href":"https:\/\/vantorre-osteopathe.fr\/index.php\/wp-json\/wp\/v2\/pages\/7\/revisions"}],"predecessor-version":[{"id":55289,"href":"https:\/\/vantorre-osteopathe.fr\/index.php\/wp-json\/wp\/v2\/pages\/7\/revisions\/55289"}],"wp:attachment":[{"href":"https:\/\/vantorre-osteopathe.fr\/index.php\/wp-json\/wp\/v2\/media?parent=7"}],"curies":[{"name":"wp","href":"https:\/\/api.w.org\/{rel}","templated":true}]}}